{"id":2,"date":"2014-06-14T19:50:46","date_gmt":"2014-06-14T19:50:46","guid":{"rendered":"http:\/\/localhost\/SITE\/ETNA\/wordpress\/?page_id=2"},"modified":"2023-03-04T16:44:02","modified_gmt":"2023-03-04T15:44:02","slug":"a-propos-de-etna","status":"publish","type":"page","link":"https:\/\/etna-cinema.net\/?page_id=2","title":{"rendered":"A propos"},"content":{"rendered":"\n<h6 class=\"wp-block-heading\"><a href=\"http:\/\/etna-cinema.net\/wp-content\/uploads\/2014\/09\/Jean-Epstein-face-a\u0300-lEtna-en-e\u0301ruption-juillet-1923-ph-Cine\u0301mathe\u0300que-Franc\u0327aise.jpg\"><img loading=\"lazy\" decoding=\"async\" class=\"alignleft wp-image-346 size-large\" src=\"http:\/\/etna-cinema.net\/wp-content\/uploads\/2014\/06\/Jean-Epstein-face-a\u0300-lEtna-en-e\u0301ruption-juillet-1923-ph-Cine\u0301mathe\u0300que-Franc\u0327aise-modif-1024x458.jpg\" alt=\"Jean Epstein face a\u0300 l'Etna en e\u0301ruption, juillet 1923 - ph Cine\u0301mathe\u0300que Franc\u0327aise - modif\" width=\"1024\" height=\"458\" srcset=\"https:\/\/etna-cinema.net\/wp-content\/uploads\/2014\/06\/Jean-Epstein-face-a\u0300-lEtna-en-e\u0301ruption-juillet-1923-ph-Cine\u0301mathe\u0300que-Franc\u0327aise-modif-1024x458.jpg 1024w, https:\/\/etna-cinema.net\/wp-content\/uploads\/2014\/06\/Jean-Epstein-face-a\u0300-lEtna-en-e\u0301ruption-juillet-1923-ph-Cine\u0301mathe\u0300que-Franc\u0327aise-modif-300x134.jpg 300w, https:\/\/etna-cinema.net\/wp-content\/uploads\/2014\/06\/Jean-Epstein-face-a\u0300-lEtna-en-e\u0301ruption-juillet-1923-ph-Cine\u0301mathe\u0300que-Franc\u0327aise-modif.jpg 1327w\" sizes=\"auto, (max-width: 1024px) 100vw, 1024px\" \/><\/a><\/h6>\n\n\n\n<h5 class=\"wp-block-heading\">Jean Epstein face \u00e0 l&#8217;Etna en \u00e9ruption, 1923<\/h5>\n\n\n\n<p><\/p>\n\n\n\n<p><\/p>\n\n\n\n<p><\/p>\n\n\n\n<p><strong>L\u2019Etna<\/strong> est au 71 rue Robespierre, \u00e0 Montreuil, dans la banlieue de Paris. Apr\u00e8s une petite cour, l\u2019Etna est au premier \u00e9tage \u00e0 gauche. Une fois la porte pouss\u00e9e, on entre dans une grande salle qui sert de lieu de r\u00e9union et de projection en Super 8, 16mm et num\u00e9rique. On d\u00e9couvre des tables de montage 16 et 35mm, une enrouleuse 16 mm, une table lumineuse et de l\u2019autre c\u00f4t\u00e9 quelques ordinateurs. \u00c0 l\u2019\u00e9tage, se trouvent une table lumineuse d\u00e9di\u00e9e \u00e0 l\u2019intervention sur pellicule et surtout le laboratoire pour le d\u00e9veloppement.<\/p>\n\n\n\n<p>Cela pour dire qu\u2019avant toute chose l\u2019Etna est un lieu. Un endroit de bois, de m\u00e9tal, de plastique, de machines, de bacs, de b\u00e9chers, de tables, de chaises, de projecteurs.<\/p>\n\n\n\n<p>Nous, membres de l\u2019Etna, sommes l\u2019envers de cet endroit. Nous sommes chacun.e venu.e.s \u00e0 ce lieu pour y faire des films. Partant de nos individualit\u00e9s, nous faisons de l\u2019Etna notre lieu commun.<\/p>\n\n\n\n<p>Un lieu de travail, un lieu de partage, un lieu de passage. Parce que nul doute que nous passerons et que nous souhaitons voir l\u2019Etna rester investi par des \u00e9nergies toujours renouvel\u00e9es. L\u2019Etna est un lieu habit\u00e9 par les gens qui y sont pass\u00e9s, qui y ont fabriqu\u00e9, imagin\u00e9, r\u00eav\u00e9, projet\u00e9. Chacun.e a pu y laisser sa marque. Une histoire qui fait aussi le lieu.<\/p>\n\n\n\n<p>L\u2019impossibilit\u00e9 th\u00e9orique \u00e0 d\u00e9finir le cin\u00e9ma exp\u00e9rimental ne signifie pas que le cin\u00e9ma exp\u00e9rimental n\u2019existe pas. Et s\u2019il est une aspiration qui a fait na\u00eetre et a nourri la vie de l\u2019Etna, c\u2019est bien celle de l\u2019exp\u00e9rimentation en cin\u00e9ma. La volont\u00e9 de chercher, d\u2019essayer, de faire autre, de pousser des portes non encore d\u00e9coup\u00e9es dans les murs. Plus une volont\u00e9, un sentiment, une excitation, qu\u2019un programme formel, et certainement pas un dogme.<\/p>\n\n\n\n<p>Aujourd\u2019hui, l\u2019Etna accueille parmi ses membres toute personne d\u00e9sirant cr\u00e9er avec le support photochimique, qu\u2019elles viennent de la fiction, du documentaire, des beaux-arts, de la photographie, de l\u2019animation, et d\u2019ailleurs.<\/p>\n\n\n\n<p>Au c\u0153ur de l\u2019atelier partag\u00e9 de l\u2019Etna se situe le laboratoire et peut-\u00eatre de fa\u00e7on plus large l\u2019attention port\u00e9e au m\u00e9dia pellicule. En effet, nous travaillons et cherchons autour du film dans son acception la plus mat\u00e9rielle : une bande perfor\u00e9e sur laquelle est couch\u00e9e une \u00e9mulsion que nous exposons, d\u00e9veloppons et projetons nous-m\u00eames.<\/p>\n\n\n\n<p>Le passage de l\u2019industrie de la pellicule au num\u00e9rique a chang\u00e9 la donne artistique et \u00e9conomique sur la place du film dans la cr\u00e9ation cin\u00e9matographique. Alors qu\u2019hier la vid\u00e9o \u00e9tait un m\u00e9dia de subversion contre les ph\u00e9nom\u00e8nes de l\u2019industrie, aujourd\u2019hui le num\u00e9rique est une norme h\u00e9g\u00e9monique. L\u2019Etna est un des rares lieux qui pose la pellicule de cin\u00e9ma comme un m\u00e9dia vivant. Comme une fa\u00e7on de se r\u00e9-approprier nos images, de cr\u00e9er nos propres impressions lumineuses, comme un champ de travail. Comme une opportunit\u00e9 pour nous de repenser nos d\u00e9sirs de cin\u00e9ma.<\/p>\n\n\n\n<p><a href=\"http:\/\/www.actionculturellecinematographique-93.fr\/index.php\/portfolio\/l-etna\/\">Action culturelle Seine-Saint-Denis<\/a><\/p>\n<p><a href=\"https:\/\/www.filmlabs.org\/labs\/l-etna\/\">L&#8217;Etna sur Filmlabs<\/a><\/p>\n","protected":false},"excerpt":{"rendered":"<p>Jean Epstein face \u00e0 l&#8217;Etna en \u00e9ruption, 1923 L\u2019Etna est au 71 rue Robespierre, \u00e0 Montreuil, dans la banlieue de Paris. Apr\u00e8s une petite cour, l\u2019Etna est au premier \u00e9tage \u00e0 gauche. Une fois la porte pouss\u00e9e, on entre dans une grande salle qui sert de lieu de r\u00e9union et de projection en Super 8, [&hellip;]<\/p>\n","protected":false},"author":1,"featured_media":0,"parent":0,"menu_order":0,"comment_status":"open","ping_status":"open","template":"page-templates\/full-width.php","meta":{"footnotes":""},"class_list":["post-2","page","type-page","status-publish","hentry"],"yoast_head":"<!-- This site is optimized with the Yoast SEO plugin v17.2 - https:\/\/yoast.com\/wordpress\/plugins\/seo\/ -->\n<meta name=\"robots\" content=\"index, follow, max-snippet:-1, max-image-preview:large, max-video-preview:-1\" \/>\n<link rel=\"canonical\" href=\"https:\/\/etna-cinema.net\/?page_id=2\" \/>\n<meta property=\"og:locale\" content=\"fr_FR\" \/>\n<meta property=\"og:type\" content=\"article\" \/>\n<meta property=\"og:title\" content=\"A propos - l&#039;Etna - cin\u00e9ma exp\u00e9rimental\" \/>\n<meta property=\"og:description\" content=\"Jean Epstein face \u00e0 l&#8217;Etna en \u00e9ruption, 1923 L\u2019Etna est au 71 rue Robespierre, \u00e0 Montreuil, dans la banlieue de Paris. Apr\u00e8s une petite cour, l\u2019Etna est au premier \u00e9tage \u00e0 gauche. Une fois la porte pouss\u00e9e, on entre dans une grande salle qui sert de lieu de r\u00e9union et de projection en Super 8, [&hellip;]\" \/>\n<meta property=\"og:url\" content=\"https:\/\/etna-cinema.net\/?page_id=2\" \/>\n<meta property=\"og:site_name\" content=\"l&#039;Etna - cin\u00e9ma exp\u00e9rimental\" \/>\n<meta property=\"article:modified_time\" content=\"2023-03-04T15:44:02+00:00\" \/>\n<meta property=\"og:image\" content=\"http:\/\/etna-cinema.net\/wp-content\/uploads\/2014\/06\/Jean-Epstein-face-a\u0300-lEtna-en-e\u0301ruption-juillet-1923-ph-Cine\u0301mathe\u0300que-Franc\u0327aise-modif-1024x458.jpg\" \/>\n<meta name=\"twitter:card\" content=\"summary_large_image\" \/>\n<meta name=\"twitter:label1\" content=\"Dur\u00e9e de lecture est.\" \/>\n\t<meta name=\"twitter:data1\" content=\"3 minutes\" \/>\n<script type=\"application\/ld+json\" class=\"yoast-schema-graph\">{\"@context\":\"https:\/\/schema.org\",\"@graph\":[{\"@type\":\"WebSite\",\"@id\":\"https:\/\/etna-cinema.net\/#website\",\"url\":\"https:\/\/etna-cinema.net\/\",\"name\":\"l&#039;Etna - cin\\u00e9ma exp\\u00e9rimental\",\"description\":\"Atelier de cin\\u00e9ma exp\\u00e9rimental | Experimental cinema workshop\",\"potentialAction\":[{\"@type\":\"SearchAction\",\"target\":{\"@type\":\"EntryPoint\",\"urlTemplate\":\"https:\/\/etna-cinema.net\/?s={search_term_string}\"},\"query-input\":\"required name=search_term_string\"}],\"inLanguage\":\"fr-FR\"},{\"@type\":\"ImageObject\",\"@id\":\"https:\/\/etna-cinema.net\/?page_id=2#primaryimage\",\"inLanguage\":\"fr-FR\",\"url\":\"http:\/\/etna-cinema.net\/wp-content\/uploads\/2014\/06\/Jean-Epstein-face-a\\u0300-lEtna-en-e\\u0301ruption-juillet-1923-ph-Cine\\u0301mathe\\u0300que-Franc\\u0327aise-modif-1024x458.jpg\",\"contentUrl\":\"http:\/\/etna-cinema.net\/wp-content\/uploads\/2014\/06\/Jean-Epstein-face-a\\u0300-lEtna-en-e\\u0301ruption-juillet-1923-ph-Cine\\u0301mathe\\u0300que-Franc\\u0327aise-modif-1024x458.jpg\"},{\"@type\":\"WebPage\",\"@id\":\"https:\/\/etna-cinema.net\/?page_id=2#webpage\",\"url\":\"https:\/\/etna-cinema.net\/?page_id=2\",\"name\":\"A propos - l&#039;Etna - cin\\u00e9ma exp\\u00e9rimental\",\"isPartOf\":{\"@id\":\"https:\/\/etna-cinema.net\/#website\"},\"primaryImageOfPage\":{\"@id\":\"https:\/\/etna-cinema.net\/?page_id=2#primaryimage\"},\"datePublished\":\"2014-06-14T19:50:46+00:00\",\"dateModified\":\"2023-03-04T15:44:02+00:00\",\"breadcrumb\":{\"@id\":\"https:\/\/etna-cinema.net\/?page_id=2#breadcrumb\"},\"inLanguage\":\"fr-FR\",\"potentialAction\":[{\"@type\":\"ReadAction\",\"target\":[\"https:\/\/etna-cinema.net\/?page_id=2\"]}]},{\"@type\":\"BreadcrumbList\",\"@id\":\"https:\/\/etna-cinema.net\/?page_id=2#breadcrumb\",\"itemListElement\":[{\"@type\":\"ListItem\",\"position\":1,\"name\":\"Accueil\",\"item\":\"https:\/\/etna-cinema.net\/\"},{\"@type\":\"ListItem\",\"position\":2,\"name\":\"A propos\"}]}]}<\/script>\n<!-- \/ Yoast SEO plugin. -->","yoast_head_json":{"robots":{"index":"index","follow":"follow","max-snippet":"max-snippet:-1","max-image-preview":"max-image-preview:large","max-video-preview":"max-video-preview:-1"},"canonical":"https:\/\/etna-cinema.net\/?page_id=2","og_locale":"fr_FR","og_type":"article","og_title":"A propos - l&#039;Etna - cin\u00e9ma exp\u00e9rimental","og_description":"Jean Epstein face \u00e0 l&#8217;Etna en \u00e9ruption, 1923 L\u2019Etna est au 71 rue Robespierre, \u00e0 Montreuil, dans la banlieue de Paris. Apr\u00e8s une petite cour, l\u2019Etna est au premier \u00e9tage \u00e0 gauche. Une fois la porte pouss\u00e9e, on entre dans une grande salle qui sert de lieu de r\u00e9union et de projection en Super 8, [&hellip;]","og_url":"https:\/\/etna-cinema.net\/?page_id=2","og_site_name":"l&#039;Etna - cin\u00e9ma exp\u00e9rimental","article_modified_time":"2023-03-04T15:44:02+00:00","og_image":[{"url":"http:\/\/etna-cinema.net\/wp-content\/uploads\/2014\/06\/Jean-Epstein-face-a\u0300-lEtna-en-e\u0301ruption-juillet-1923-ph-Cine\u0301mathe\u0300que-Franc\u0327aise-modif-1024x458.jpg"}],"twitter_card":"summary_large_image","twitter_misc":{"Dur\u00e9e de lecture est.":"3 minutes"},"schema":{"@context":"https:\/\/schema.org","@graph":[{"@type":"WebSite","@id":"https:\/\/etna-cinema.net\/#website","url":"https:\/\/etna-cinema.net\/","name":"l&#039;Etna - cin\u00e9ma exp\u00e9rimental","description":"Atelier de cin\u00e9ma exp\u00e9rimental | Experimental cinema workshop","potentialAction":[{"@type":"SearchAction","target":{"@type":"EntryPoint","urlTemplate":"https:\/\/etna-cinema.net\/?s={search_term_string}"},"query-input":"required name=search_term_string"}],"inLanguage":"fr-FR"},{"@type":"ImageObject","@id":"https:\/\/etna-cinema.net\/?page_id=2#primaryimage","inLanguage":"fr-FR","url":"http:\/\/etna-cinema.net\/wp-content\/uploads\/2014\/06\/Jean-Epstein-face-a\u0300-lEtna-en-e\u0301ruption-juillet-1923-ph-Cine\u0301mathe\u0300que-Franc\u0327aise-modif-1024x458.jpg","contentUrl":"http:\/\/etna-cinema.net\/wp-content\/uploads\/2014\/06\/Jean-Epstein-face-a\u0300-lEtna-en-e\u0301ruption-juillet-1923-ph-Cine\u0301mathe\u0300que-Franc\u0327aise-modif-1024x458.jpg"},{"@type":"WebPage","@id":"https:\/\/etna-cinema.net\/?page_id=2#webpage","url":"https:\/\/etna-cinema.net\/?page_id=2","name":"A propos - l&#039;Etna - cin\u00e9ma exp\u00e9rimental","isPartOf":{"@id":"https:\/\/etna-cinema.net\/#website"},"primaryImageOfPage":{"@id":"https:\/\/etna-cinema.net\/?page_id=2#primaryimage"},"datePublished":"2014-06-14T19:50:46+00:00","dateModified":"2023-03-04T15:44:02+00:00","breadcrumb":{"@id":"https:\/\/etna-cinema.net\/?page_id=2#breadcrumb"},"inLanguage":"fr-FR","potentialAction":[{"@type":"ReadAction","target":["https:\/\/etna-cinema.net\/?page_id=2"]}]},{"@type":"BreadcrumbList","@id":"https:\/\/etna-cinema.net\/?page_id=2#breadcrumb","itemListElement":[{"@type":"ListItem","position":1,"name":"Accueil","item":"https:\/\/etna-cinema.net\/"},{"@type":"ListItem","position":2,"name":"A propos"}]}]}},"_links":{"self":[{"href":"https:\/\/etna-cinema.net\/index.php?rest_route=\/wp\/v2\/pages\/2","targetHints":{"allow":["GET"]}}],"collection":[{"href":"https:\/\/etna-cinema.net\/index.php?rest_route=\/wp\/v2\/pages"}],"about":[{"href":"https:\/\/etna-cinema.net\/index.php?rest_route=\/wp\/v2\/types\/page"}],"author":[{"embeddable":true,"href":"https:\/\/etna-cinema.net\/index.php?rest_route=\/wp\/v2\/users\/1"}],"replies":[{"embeddable":true,"href":"https:\/\/etna-cinema.net\/index.php?rest_route=%2Fwp%2Fv2%2Fcomments&post=2"}],"version-history":[{"count":131,"href":"https:\/\/etna-cinema.net\/index.php?rest_route=\/wp\/v2\/pages\/2\/revisions"}],"predecessor-version":[{"id":5184,"href":"https:\/\/etna-cinema.net\/index.php?rest_route=\/wp\/v2\/pages\/2\/revisions\/5184"}],"wp:attachment":[{"href":"https:\/\/etna-cinema.net\/index.php?rest_route=%2Fwp%2Fv2%2Fmedia&parent=2"}],"curies":[{"name":"wp","href":"https:\/\/api.w.org\/{rel}","templated":true}]}}