{"id":19,"date":"2014-06-16T14:48:41","date_gmt":"2014-06-16T13:48:41","guid":{"rendered":"http:\/\/localhost\/SITE\/ETNA\/wordpress\/?page_id=19"},"modified":"2025-04-23T14:18:27","modified_gmt":"2025-04-23T13:18:27","slug":"accueil","status":"publish","type":"page","link":"https:\/\/etna-cinema.net\/","title":{"rendered":"Pr\u00e9sentation"},"content":{"rendered":"<p>L\u2019Etna est un atelier partag\u00e9, un laboratoire artisanal, un lieu de cr\u00e9ation, de transmission et d\u2019\u00e9changes autour du cin\u00e9ma exp\u00e9rimental et de la pratique de l\u2019argentique.<\/p>\n<a href=\"https:\/\/etna-cinema.net\/?page_id=2\" class=\"more\">En savoir plus<\/a>\n<p>\u00a0<\/p>\n<h3>S&#8217;inscrire \u00e0 la newsletter<\/h3>\n<p>pour \u00eatre tenu au courant des \u00e9v\u00e9nements, projections, ateliers, etc.<br \/><script>(function() {\n\twindow.mc4wp = window.mc4wp || {\n\t\tlisteners: [],\n\t\tforms: {\n\t\t\ton: function(evt, cb) {\n\t\t\t\twindow.mc4wp.listeners.push(\n\t\t\t\t\t{\n\t\t\t\t\t\tevent   : evt,\n\t\t\t\t\t\tcallback: cb\n\t\t\t\t\t}\n\t\t\t\t);\n\t\t\t}\n\t\t}\n\t}\n})();\n<\/script><!-- Mailchimp for WordPress v4.8.6 - https:\/\/wordpress.org\/plugins\/mailchimp-for-wp\/ --><form id=\"mc4wp-form-1\" class=\"mc4wp-form mc4wp-form-1490 mc4wp-form-basic\" method=\"post\" data-id=\"1490\" data-name=\"Formulaire d&#039;inscription par d\u00e9faut\" ><div class=\"mc4wp-form-fields\"><p>\r\n\r\n    <input placeholder=\"Pr\u00e9nom\" name=\"FNAME\" type=\"text\">\r\n<\/p><p>\r\n    <input placeholder=\"Nom\" name=\"LNAME\" type=\"text\">\r\n<\/p><p>\r\n\t<input type=\"email\" id=\"mc4wp_email\" name=\"EMAIL\" placeholder=\"Adresse e-mail\" required \/>\r\n<\/p>\r\n\r\n<p>\r\n\t<input type=\"submit\" value=\"S'inscrire\" \/>\r\n<\/p><\/div><label style=\"display: none !important;\">Laissez ce champ vide si vous \u00eates humain\u00a0: <input type=\"text\" name=\"_mc4wp_honeypot\" value=\"\" tabindex=\"-1\" autocomplete=\"off\" \/><\/label><input type=\"hidden\" name=\"_mc4wp_timestamp\" value=\"1777207422\" \/><input type=\"hidden\" name=\"_mc4wp_form_id\" value=\"1490\" \/><input type=\"hidden\" name=\"_mc4wp_form_element_id\" value=\"mc4wp-form-1\" \/><div class=\"mc4wp-response\"><\/div><\/form><!-- \/ Mailchimp for WordPress Plugin --><\/p>\n\n\n<p><\/p>\n","protected":false},"excerpt":{"rendered":"<p>L\u2019Etna est un atelier partag\u00e9, un laboratoire artisanal, un lieu de cr\u00e9ation, de transmission et d\u2019\u00e9changes autour du cin\u00e9ma exp\u00e9rimental et de la pratique de l\u2019argentique. \u00a0 S&#8217;inscrire \u00e0 la newsletter pour \u00eatre tenu au courant des \u00e9v\u00e9nements, projections, ateliers, etc.<\/p>\n","protected":false},"author":1,"featured_media":0,"parent":0,"menu_order":0,"comment_status":"open","ping_status":"closed","template":"page-templates\/tpl-home.php","meta":{"footnotes":""},"class_list":["post-19","page","type-page","status-publish","hentry"],"yoast_head":"<!-- This site is optimized with the Yoast SEO plugin v17.2 - https:\/\/yoast.com\/wordpress\/plugins\/seo\/ -->\n<meta name=\"robots\" content=\"index, follow, max-snippet:-1, max-image-preview:large, max-video-preview:-1\" \/>\n<link rel=\"canonical\" href=\"https:\/\/etna-cinema.net\/\" \/>\n<meta property=\"og:locale\" content=\"fr_FR\" \/>\n<meta property=\"og:type\" content=\"article\" \/>\n<meta property=\"og:title\" content=\"Pr\u00e9sentation - l&#039;Etna - cin\u00e9ma exp\u00e9rimental\" \/>\n<meta property=\"og:description\" content=\"L\u2019Etna est un atelier partag\u00e9, un laboratoire artisanal, un lieu de cr\u00e9ation, de transmission et d\u2019\u00e9changes autour du cin\u00e9ma exp\u00e9rimental et de la pratique de l\u2019argentique. \u00a0 S&#8217;inscrire \u00e0 la newsletter pour \u00eatre tenu au courant des \u00e9v\u00e9nements, projections, ateliers, etc.\" \/>\n<meta property=\"og:url\" content=\"https:\/\/etna-cinema.net\/\" \/>\n<meta property=\"og:site_name\" content=\"l&#039;Etna - cin\u00e9ma exp\u00e9rimental\" \/>\n<meta property=\"article:modified_time\" content=\"2025-04-23T13:18:27+00:00\" \/>\n<meta name=\"twitter:card\" content=\"summary_large_image\" \/>\n<meta name=\"twitter:label1\" content=\"Dur\u00e9e de lecture est.\" \/>\n\t<meta name=\"twitter:data1\" content=\"1 minute\" \/>\n<script type=\"application\/ld+json\" class=\"yoast-schema-graph\">{\"@context\":\"https:\/\/schema.org\",\"@graph\":[{\"@type\":\"WebSite\",\"@id\":\"https:\/\/etna-cinema.net\/#website\",\"url\":\"https:\/\/etna-cinema.net\/\",\"name\":\"l&#039;Etna - cin\\u00e9ma exp\\u00e9rimental\",\"description\":\"Atelier de cin\\u00e9ma exp\\u00e9rimental | Experimental cinema workshop\",\"potentialAction\":[{\"@type\":\"SearchAction\",\"target\":{\"@type\":\"EntryPoint\",\"urlTemplate\":\"https:\/\/etna-cinema.net\/?s={search_term_string}\"},\"query-input\":\"required name=search_term_string\"}],\"inLanguage\":\"fr-FR\"},{\"@type\":\"WebPage\",\"@id\":\"https:\/\/etna-cinema.net\/#webpage\",\"url\":\"https:\/\/etna-cinema.net\/\",\"name\":\"Pr\\u00e9sentation - l&#039;Etna - cin\\u00e9ma exp\\u00e9rimental\",\"isPartOf\":{\"@id\":\"https:\/\/etna-cinema.net\/#website\"},\"datePublished\":\"2014-06-16T13:48:41+00:00\",\"dateModified\":\"2025-04-23T13:18:27+00:00\",\"breadcrumb\":{\"@id\":\"https:\/\/etna-cinema.net\/#breadcrumb\"},\"inLanguage\":\"fr-FR\",\"potentialAction\":[{\"@type\":\"ReadAction\",\"target\":[\"https:\/\/etna-cinema.net\/\"]}]},{\"@type\":\"BreadcrumbList\",\"@id\":\"https:\/\/etna-cinema.net\/#breadcrumb\",\"itemListElement\":[{\"@type\":\"ListItem\",\"position\":1,\"name\":\"Accueil\",\"item\":\"https:\/\/etna-cinema.net\/\"},{\"@type\":\"ListItem\",\"position\":2,\"name\":\"Pr\\u00e9sentation\"}]}]}<\/script>\n<!-- \/ Yoast SEO plugin. -->","yoast_head_json":{"robots":{"index":"index","follow":"follow","max-snippet":"max-snippet:-1","max-image-preview":"max-image-preview:large","max-video-preview":"max-video-preview:-1"},"canonical":"https:\/\/etna-cinema.net\/","og_locale":"fr_FR","og_type":"article","og_title":"Pr\u00e9sentation - l&#039;Etna - cin\u00e9ma exp\u00e9rimental","og_description":"L\u2019Etna est un atelier partag\u00e9, un laboratoire artisanal, un lieu de cr\u00e9ation, de transmission et d\u2019\u00e9changes autour du cin\u00e9ma exp\u00e9rimental et de la pratique de l\u2019argentique. \u00a0 S&#8217;inscrire \u00e0 la newsletter pour \u00eatre tenu au courant des \u00e9v\u00e9nements, projections, ateliers, etc.","og_url":"https:\/\/etna-cinema.net\/","og_site_name":"l&#039;Etna - cin\u00e9ma exp\u00e9rimental","article_modified_time":"2025-04-23T13:18:27+00:00","twitter_card":"summary_large_image","twitter_misc":{"Dur\u00e9e de lecture est.":"1 minute"},"schema":{"@context":"https:\/\/schema.org","@graph":[{"@type":"WebSite","@id":"https:\/\/etna-cinema.net\/#website","url":"https:\/\/etna-cinema.net\/","name":"l&#039;Etna - cin\u00e9ma exp\u00e9rimental","description":"Atelier de cin\u00e9ma exp\u00e9rimental | Experimental cinema workshop","potentialAction":[{"@type":"SearchAction","target":{"@type":"EntryPoint","urlTemplate":"https:\/\/etna-cinema.net\/?s={search_term_string}"},"query-input":"required name=search_term_string"}],"inLanguage":"fr-FR"},{"@type":"WebPage","@id":"https:\/\/etna-cinema.net\/#webpage","url":"https:\/\/etna-cinema.net\/","name":"Pr\u00e9sentation - l&#039;Etna - cin\u00e9ma exp\u00e9rimental","isPartOf":{"@id":"https:\/\/etna-cinema.net\/#website"},"datePublished":"2014-06-16T13:48:41+00:00","dateModified":"2025-04-23T13:18:27+00:00","breadcrumb":{"@id":"https:\/\/etna-cinema.net\/#breadcrumb"},"inLanguage":"fr-FR","potentialAction":[{"@type":"ReadAction","target":["https:\/\/etna-cinema.net\/"]}]},{"@type":"BreadcrumbList","@id":"https:\/\/etna-cinema.net\/#breadcrumb","itemListElement":[{"@type":"ListItem","position":1,"name":"Accueil","item":"https:\/\/etna-cinema.net\/"},{"@type":"ListItem","position":2,"name":"Pr\u00e9sentation"}]}]}},"_links":{"self":[{"href":"https:\/\/etna-cinema.net\/index.php?rest_route=\/wp\/v2\/pages\/19","targetHints":{"allow":["GET"]}}],"collection":[{"href":"https:\/\/etna-cinema.net\/index.php?rest_route=\/wp\/v2\/pages"}],"about":[{"href":"https:\/\/etna-cinema.net\/index.php?rest_route=\/wp\/v2\/types\/page"}],"author":[{"embeddable":true,"href":"https:\/\/etna-cinema.net\/index.php?rest_route=\/wp\/v2\/users\/1"}],"replies":[{"embeddable":true,"href":"https:\/\/etna-cinema.net\/index.php?rest_route=%2Fwp%2Fv2%2Fcomments&post=19"}],"version-history":[{"count":22,"href":"https:\/\/etna-cinema.net\/index.php?rest_route=\/wp\/v2\/pages\/19\/revisions"}],"predecessor-version":[{"id":5374,"href":"https:\/\/etna-cinema.net\/index.php?rest_route=\/wp\/v2\/pages\/19\/revisions\/5374"}],"wp:attachment":[{"href":"https:\/\/etna-cinema.net\/index.php?rest_route=%2Fwp%2Fv2%2Fmedia&parent=19"}],"curies":[{"name":"wp","href":"https:\/\/api.w.org\/{rel}","templated":true}]}}