{"id":1374,"date":"2016-10-25T16:51:49","date_gmt":"2016-10-25T15:51:49","guid":{"rendered":"http:\/\/etna-cinema.net\/?page_id=1374"},"modified":"2025-02-22T19:55:26","modified_gmt":"2025-02-22T18:55:26","slug":"faq","status":"publish","type":"page","link":"https:\/\/etna-cinema.net\/?page_id=1374","title":{"rendered":"FAQ"},"content":{"rendered":"<p><strong>L&#8217;Etna fournit-il des prestations de d\u00e9veloppement\u00a0?<\/strong><\/p>\n<p>Non, l&#8217;Etna ne fournit pas de prestations. L\u2019Etna est un atelier associatif, et un lieu autog\u00e9r\u00e9 et partag\u00e9 par des artistes cin\u00e9astes. Vous avez la possibilit\u00e9 d&#8217;apprendre \u00e0 d\u00e9velopper vous-m\u00eame un film en participant \u00e0 l&#8217;un de nos <a href=\"http:\/\/etna-cinema.net\/atelier_dvp\">ateliers<\/a>. Ou vous pouvez faire appel \u00e0 un prestataire, cf liens ci-dessous.<\/p>\n<p><strong>Comment participer \u00e0 un atelier ?<\/strong><\/p>\n<p>Retrouvez toutes les informations et les dates sur la page <a href=\"http:\/\/etna-cinema.net\/ateliers\">ateliers<\/a>.<\/p>\n<p><strong>O\u00f9 faire d\u00e9velopper ses films ?<\/strong><\/p>\n<p>Quelques liens sur <a href=\"http:\/\/www.filmlabs.org\/index.php\/links\/providers\/\" target=\"_blank\" rel=\"noopener noreferrer\">filmlabs.org<\/a>.<\/p>\n<p><strong>O\u00f9 louer du mat\u00e9riel (cam\u00e9ras 16mm, super 8&#8230;)\u00a0?<\/strong><\/p>\n<ul>\n<li><a href=\"http:\/\/www.cine-super8.net\/\" target=\"_blank\" rel=\"noopener noreferrer\">cine-super8.net<\/a>, Saint-Denis<\/li>\n<li>chez des loueurs traditionnels<\/li>\n<\/ul>\n<p><strong>O\u00f9 acheter des bobines super 8, 16mm ?<\/strong><\/p>\n<ul>\n<li><a href=\"http:\/\/re-voir.com\/shop\/fr\/304-pellicule-super-8-16mm\" target=\"_blank\" rel=\"noopener noreferrer\">Re:voir<\/a>, Paris<\/li>\n<li><a href=\"http:\/\/www.cine-super8.net\/\" target=\"_blank\" rel=\"noopener noreferrer\">cine-super8.net<\/a>, Saint-Denis<\/li>\n<li><a href=\"http:\/\/colorcity.fr\" target=\"_blank\" rel=\"noopener noreferrer\">Color city<\/a>, Epinay sur Seine<\/li>\n<li><a href=\"https:\/\/www.super8france.com\/\" target=\"_blank\" rel=\"noopener noreferrer\">surper8france.com<\/a><\/li>\n<li>Kodak<\/li>\n<li><a href=\"http:\/\/www.filmotec.de\/?lang=fr\" target=\"_blank\" rel=\"noopener noreferrer\">Orwo<\/a><\/li>\n<\/ul>\n<p><strong>O\u00f9 faire r\u00e9parer mon mat\u00e9riel ?<\/strong><\/p>\n<ul>\n<li>Super 8 Bauer et Nizo : <a href=\"http:\/\/www.cine-super8.net\/\" target=\"_blank\" rel=\"noopener noreferrer\">cine-super8.net<\/a>, Saint-Denis<\/li>\n<li>L&#8217;<a href=\"http:\/\/beaucitron.com.pagesperso-orange.fr\/l27atelier-de-celestin.htm\" target=\"_blank\" rel=\"noopener noreferrer\">Atelier de C\u00e9lestin<\/a>, Montrouge<\/li>\n<\/ul>\n<p><strong>O\u00f9 r\u00e9aliser un <a href=\"https:\/\/fr.wikipedia.org\/wiki\/T%C3%A9l%C3%A9cin%C3%A9ma\" target=\"_blank\" rel=\"noopener noreferrer\">t\u00e9l\u00e9cin\u00e9ma<\/a> (transfert argentique vers num\u00e9rique) ou scanner des films ?<\/strong><\/p>\n<ul>\n<li>Des liens bient\u00f4t !<\/li>\n<li>&#8230;<\/li>\n<\/ul>\n<p><strong>Comment nous rencontrer ?<\/strong><\/p>\n<p>Un samedi tous les deux mois, lors de l&#8217;assembl\u00e9e visuelle \u00e0 partir de 20h. Envoyez-nous un mail si vous souhaitez passer avant ou conna\u00eetre la date.<\/p>\n<p><strong>Comment \u00eatre tenu au courant des actualit\u00e9s de l&#8217;Etna ?<\/strong><\/p>\n<p>Pour \u00eatre tenu au courant des \u00e9v\u00e9nements, projections, ateliers, etc :<\/p>\n<ul>\n<li>Sur <a href=\"https:\/\/www.facebook.com\/LEtna-112529848771211\/\" target=\"_blank\" rel=\"noopener noreferrer\">Facebook<\/a><\/li>\n<li>Sur le <a href=\"http:\/\/etna-cinema.net\/etna\">site<\/a><\/li>\n<li>Sur <a href=\"https:\/\/www.instagram.com\/etna.lab\/\">Instagram<\/a><\/li>\n<li>Via la <strong>newsletter<\/strong> :<\/li>\n<\/ul>\n<script>(function() {\n\twindow.mc4wp = window.mc4wp || {\n\t\tlisteners: [],\n\t\tforms: {\n\t\t\ton: function(evt, cb) {\n\t\t\t\twindow.mc4wp.listeners.push(\n\t\t\t\t\t{\n\t\t\t\t\t\tevent   : evt,\n\t\t\t\t\t\tcallback: cb\n\t\t\t\t\t}\n\t\t\t\t);\n\t\t\t}\n\t\t}\n\t}\n})();\n<\/script><!-- Mailchimp for WordPress v4.8.6 - https:\/\/wordpress.org\/plugins\/mailchimp-for-wp\/ --><form id=\"mc4wp-form-1\" class=\"mc4wp-form mc4wp-form-1490 mc4wp-form-basic\" method=\"post\" data-id=\"1490\" data-name=\"Formulaire d&#039;inscription par d\u00e9faut\" ><div class=\"mc4wp-form-fields\"><p>\r\n\r\n    <input placeholder=\"Pr\u00e9nom\" name=\"FNAME\" type=\"text\">\r\n<\/p><p>\r\n    <input placeholder=\"Nom\" name=\"LNAME\" type=\"text\">\r\n<\/p><p>\r\n\t<input type=\"email\" id=\"mc4wp_email\" name=\"EMAIL\" placeholder=\"Adresse e-mail\" required \/>\r\n<\/p>\r\n\r\n<p>\r\n\t<input type=\"submit\" value=\"S'inscrire\" \/>\r\n<\/p><\/div><label style=\"display: none !important;\">Laissez ce champ vide si vous \u00eates humain\u00a0: <input type=\"text\" name=\"_mc4wp_honeypot\" value=\"\" tabindex=\"-1\" autocomplete=\"off\" \/><\/label><input type=\"hidden\" name=\"_mc4wp_timestamp\" value=\"1777213376\" \/><input type=\"hidden\" name=\"_mc4wp_form_id\" value=\"1490\" \/><input type=\"hidden\" name=\"_mc4wp_form_element_id\" value=\"mc4wp-form-1\" \/><div class=\"mc4wp-response\"><\/div><\/form><!-- \/ Mailchimp for WordPress Plugin -->\n","protected":false},"excerpt":{"rendered":"<p>L&#8217;Etna fournit-il des prestations de d\u00e9veloppement\u00a0? Non, l&#8217;Etna ne fournit pas de prestations. L\u2019Etna est un atelier associatif, et un lieu autog\u00e9r\u00e9 et partag\u00e9 par des artistes cin\u00e9astes. Vous avez la possibilit\u00e9 d&#8217;apprendre \u00e0 d\u00e9velopper vous-m\u00eame un film en participant \u00e0 l&#8217;un de nos ateliers. Ou vous pouvez faire appel \u00e0 un prestataire, cf liens [&hellip;]<\/p>\n","protected":false},"author":3,"featured_media":0,"parent":0,"menu_order":0,"comment_status":"closed","ping_status":"closed","template":"","meta":{"footnotes":""},"class_list":["post-1374","page","type-page","status-publish","hentry"],"yoast_head":"<!-- This site is optimized with the Yoast SEO plugin v17.2 - https:\/\/yoast.com\/wordpress\/plugins\/seo\/ -->\n<meta name=\"robots\" content=\"index, follow, max-snippet:-1, max-image-preview:large, max-video-preview:-1\" \/>\n<link rel=\"canonical\" href=\"https:\/\/etna-cinema.net\/?page_id=1374\" \/>\n<meta property=\"og:locale\" content=\"fr_FR\" \/>\n<meta property=\"og:type\" content=\"article\" \/>\n<meta property=\"og:title\" content=\"FAQ - l&#039;Etna - cin\u00e9ma exp\u00e9rimental\" \/>\n<meta property=\"og:description\" content=\"L&#8217;Etna fournit-il des prestations de d\u00e9veloppement\u00a0? Non, l&#8217;Etna ne fournit pas de prestations. L\u2019Etna est un atelier associatif, et un lieu autog\u00e9r\u00e9 et partag\u00e9 par des artistes cin\u00e9astes. Vous avez la possibilit\u00e9 d&#8217;apprendre \u00e0 d\u00e9velopper vous-m\u00eame un film en participant \u00e0 l&#8217;un de nos ateliers. Ou vous pouvez faire appel \u00e0 un prestataire, cf liens [&hellip;]\" \/>\n<meta property=\"og:url\" content=\"https:\/\/etna-cinema.net\/?page_id=1374\" \/>\n<meta property=\"og:site_name\" content=\"l&#039;Etna - cin\u00e9ma exp\u00e9rimental\" \/>\n<meta property=\"article:modified_time\" content=\"2025-02-22T18:55:26+00:00\" \/>\n<meta name=\"twitter:card\" content=\"summary_large_image\" \/>\n<meta name=\"twitter:label1\" content=\"Dur\u00e9e de lecture est.\" \/>\n\t<meta name=\"twitter:data1\" content=\"1 minute\" \/>\n<script type=\"application\/ld+json\" class=\"yoast-schema-graph\">{\"@context\":\"https:\/\/schema.org\",\"@graph\":[{\"@type\":\"WebSite\",\"@id\":\"https:\/\/etna-cinema.net\/#website\",\"url\":\"https:\/\/etna-cinema.net\/\",\"name\":\"l&#039;Etna - cin\\u00e9ma exp\\u00e9rimental\",\"description\":\"Atelier de cin\\u00e9ma exp\\u00e9rimental | Experimental cinema workshop\",\"potentialAction\":[{\"@type\":\"SearchAction\",\"target\":{\"@type\":\"EntryPoint\",\"urlTemplate\":\"https:\/\/etna-cinema.net\/?s={search_term_string}\"},\"query-input\":\"required name=search_term_string\"}],\"inLanguage\":\"fr-FR\"},{\"@type\":\"WebPage\",\"@id\":\"https:\/\/etna-cinema.net\/?page_id=1374#webpage\",\"url\":\"https:\/\/etna-cinema.net\/?page_id=1374\",\"name\":\"FAQ - l&#039;Etna - cin\\u00e9ma exp\\u00e9rimental\",\"isPartOf\":{\"@id\":\"https:\/\/etna-cinema.net\/#website\"},\"datePublished\":\"2016-10-25T15:51:49+00:00\",\"dateModified\":\"2025-02-22T18:55:26+00:00\",\"breadcrumb\":{\"@id\":\"https:\/\/etna-cinema.net\/?page_id=1374#breadcrumb\"},\"inLanguage\":\"fr-FR\",\"potentialAction\":[{\"@type\":\"ReadAction\",\"target\":[\"https:\/\/etna-cinema.net\/?page_id=1374\"]}]},{\"@type\":\"BreadcrumbList\",\"@id\":\"https:\/\/etna-cinema.net\/?page_id=1374#breadcrumb\",\"itemListElement\":[{\"@type\":\"ListItem\",\"position\":1,\"name\":\"Accueil\",\"item\":\"https:\/\/etna-cinema.net\/\"},{\"@type\":\"ListItem\",\"position\":2,\"name\":\"FAQ\"}]}]}<\/script>\n<!-- \/ Yoast SEO plugin. -->","yoast_head_json":{"robots":{"index":"index","follow":"follow","max-snippet":"max-snippet:-1","max-image-preview":"max-image-preview:large","max-video-preview":"max-video-preview:-1"},"canonical":"https:\/\/etna-cinema.net\/?page_id=1374","og_locale":"fr_FR","og_type":"article","og_title":"FAQ - l&#039;Etna - cin\u00e9ma exp\u00e9rimental","og_description":"L&#8217;Etna fournit-il des prestations de d\u00e9veloppement\u00a0? Non, l&#8217;Etna ne fournit pas de prestations. L\u2019Etna est un atelier associatif, et un lieu autog\u00e9r\u00e9 et partag\u00e9 par des artistes cin\u00e9astes. Vous avez la possibilit\u00e9 d&#8217;apprendre \u00e0 d\u00e9velopper vous-m\u00eame un film en participant \u00e0 l&#8217;un de nos ateliers. Ou vous pouvez faire appel \u00e0 un prestataire, cf liens [&hellip;]","og_url":"https:\/\/etna-cinema.net\/?page_id=1374","og_site_name":"l&#039;Etna - cin\u00e9ma exp\u00e9rimental","article_modified_time":"2025-02-22T18:55:26+00:00","twitter_card":"summary_large_image","twitter_misc":{"Dur\u00e9e de lecture est.":"1 minute"},"schema":{"@context":"https:\/\/schema.org","@graph":[{"@type":"WebSite","@id":"https:\/\/etna-cinema.net\/#website","url":"https:\/\/etna-cinema.net\/","name":"l&#039;Etna - cin\u00e9ma exp\u00e9rimental","description":"Atelier de cin\u00e9ma exp\u00e9rimental | Experimental cinema workshop","potentialAction":[{"@type":"SearchAction","target":{"@type":"EntryPoint","urlTemplate":"https:\/\/etna-cinema.net\/?s={search_term_string}"},"query-input":"required name=search_term_string"}],"inLanguage":"fr-FR"},{"@type":"WebPage","@id":"https:\/\/etna-cinema.net\/?page_id=1374#webpage","url":"https:\/\/etna-cinema.net\/?page_id=1374","name":"FAQ - l&#039;Etna - cin\u00e9ma exp\u00e9rimental","isPartOf":{"@id":"https:\/\/etna-cinema.net\/#website"},"datePublished":"2016-10-25T15:51:49+00:00","dateModified":"2025-02-22T18:55:26+00:00","breadcrumb":{"@id":"https:\/\/etna-cinema.net\/?page_id=1374#breadcrumb"},"inLanguage":"fr-FR","potentialAction":[{"@type":"ReadAction","target":["https:\/\/etna-cinema.net\/?page_id=1374"]}]},{"@type":"BreadcrumbList","@id":"https:\/\/etna-cinema.net\/?page_id=1374#breadcrumb","itemListElement":[{"@type":"ListItem","position":1,"name":"Accueil","item":"https:\/\/etna-cinema.net\/"},{"@type":"ListItem","position":2,"name":"FAQ"}]}]}},"_links":{"self":[{"href":"https:\/\/etna-cinema.net\/index.php?rest_route=\/wp\/v2\/pages\/1374","targetHints":{"allow":["GET"]}}],"collection":[{"href":"https:\/\/etna-cinema.net\/index.php?rest_route=\/wp\/v2\/pages"}],"about":[{"href":"https:\/\/etna-cinema.net\/index.php?rest_route=\/wp\/v2\/types\/page"}],"author":[{"embeddable":true,"href":"https:\/\/etna-cinema.net\/index.php?rest_route=\/wp\/v2\/users\/3"}],"replies":[{"embeddable":true,"href":"https:\/\/etna-cinema.net\/index.php?rest_route=%2Fwp%2Fv2%2Fcomments&post=1374"}],"version-history":[{"count":26,"href":"https:\/\/etna-cinema.net\/index.php?rest_route=\/wp\/v2\/pages\/1374\/revisions"}],"predecessor-version":[{"id":5340,"href":"https:\/\/etna-cinema.net\/index.php?rest_route=\/wp\/v2\/pages\/1374\/revisions\/5340"}],"wp:attachment":[{"href":"https:\/\/etna-cinema.net\/index.php?rest_route=%2Fwp%2Fv2%2Fmedia&parent=1374"}],"curies":[{"name":"wp","href":"https:\/\/api.w.org\/{rel}","templated":true}]}}